{"id":9268,"date":"2026-04-13T15:23:39","date_gmt":"2026-04-13T15:23:39","guid":{"rendered":"https:\/\/www.stonehavenlemanoir.com\/?page_id=9268"},"modified":"2026-04-14T15:35:37","modified_gmt":"2026-04-14T15:35:37","slug":"12-engagements-relais-chateaux","status":"publish","type":"page","link":"https:\/\/www.stonehavenlemanoir.com\/fr\/12-engagements-relais-chateaux\/","title":{"rendered":"12 engagements durables"},"content":{"rendered":"","protected":false},"excerpt":{"rendered":"","protected":false},"author":2,"featured_media":8781,"parent":0,"menu_order":0,"comment_status":"closed","ping_status":"closed","template":"templates\/page-mesure-sanitaire.php","meta":{"_acf_changed":false,"footnotes":""},"class_list":["post-9268","page","type-page","status-publish","has-post-thumbnail","hentry"],"acf":[],"yoast_head":"<!-- This site is optimized with the Yoast SEO plugin v27.4 - https:\/\/yoast.com\/product\/yoast-seo-wordpress\/ -->\n<title>12 engagements Relais &amp; Ch\u00e2teaux en d\u00e9veloppement durable<\/title>\n<meta name=\"description\" content=\"D\u00e9couvrez les 12 engagements Relais &amp; Ch\u00e2teaux pour un d\u00e9veloppement durable au StoneHaven Le Manoir, \u00e0 Sainte-Agathe-des-Monts.\" \/>\n<meta name=\"robots\" content=\"index, follow, max-snippet:-1, max-image-preview:large, max-video-preview:-1\" \/>\n<link rel=\"canonical\" href=\"https:\/\/www.stonehavenlemanoir.com\/fr\/12-engagements-relais-chateaux\/\" \/>\n<meta property=\"og:locale\" content=\"fr_FR\" \/>\n<meta property=\"og:type\" content=\"article\" \/>\n<meta property=\"og:title\" content=\"12 engagements Relais &amp; Ch\u00e2teaux en d\u00e9veloppement durable\" \/>\n<meta property=\"og:description\" content=\"D\u00e9couvrez les 12 engagements Relais &amp; Ch\u00e2teaux pour un d\u00e9veloppement durable au StoneHaven Le Manoir, \u00e0 Sainte-Agathe-des-Monts.\" \/>\n<meta property=\"og:url\" content=\"https:\/\/www.stonehavenlemanoir.com\/fr\/12-engagements-relais-chateaux\/\" \/>\n<meta property=\"og:site_name\" content=\"StoneHaven Le Manoir |\u00a0Relais &amp; Ch\u00e2teaux\" \/>\n<meta property=\"article:modified_time\" content=\"2026-04-14T15:35:37+00:00\" \/>\n<meta property=\"og:image\" content=\"https:\/\/www.stonehavenlemanoir.com\/wp-content\/uploads\/2025\/11\/sstonehaven-le-manoir-developpement-durable-ecofonds.jpg\" \/>\n\t<meta property=\"og:image:width\" content=\"2000\" \/>\n\t<meta property=\"og:image:height\" content=\"1200\" \/>\n\t<meta property=\"og:image:type\" content=\"image\/jpeg\" \/>\n<meta name=\"twitter:card\" content=\"summary_large_image\" \/>\n<script type=\"application\/ld+json\" class=\"yoast-schema-graph\">{\"@context\":\"https:\\\/\\\/schema.org\",\"@graph\":[{\"@type\":\"WebPage\",\"@id\":\"https:\\\/\\\/www.stonehavenlemanoir.com\\\/fr\\\/12-engagements-relais-chateaux\\\/\",\"url\":\"https:\\\/\\\/www.stonehavenlemanoir.com\\\/fr\\\/12-engagements-relais-chateaux\\\/\",\"name\":\"12 engagements Relais & Ch\u00e2teaux en d\u00e9veloppement durable\",\"isPartOf\":{\"@id\":\"https:\\\/\\\/www.stonehavenlemanoir.com\\\/fr\\\/#website\"},\"primaryImageOfPage\":{\"@id\":\"https:\\\/\\\/www.stonehavenlemanoir.com\\\/fr\\\/12-engagements-relais-chateaux\\\/#primaryimage\"},\"image\":{\"@id\":\"https:\\\/\\\/www.stonehavenlemanoir.com\\\/fr\\\/12-engagements-relais-chateaux\\\/#primaryimage\"},\"thumbnailUrl\":\"https:\\\/\\\/www.stonehavenlemanoir.com\\\/wp-content\\\/uploads\\\/2025\\\/11\\\/sstonehaven-le-manoir-developpement-durable-ecofonds.jpg\",\"datePublished\":\"2026-04-13T15:23:39+00:00\",\"dateModified\":\"2026-04-14T15:35:37+00:00\",\"description\":\"D\u00e9couvrez les 12 engagements Relais & Ch\u00e2teaux pour un d\u00e9veloppement durable au StoneHaven Le Manoir, \u00e0 Sainte-Agathe-des-Monts.\",\"breadcrumb\":{\"@id\":\"https:\\\/\\\/www.stonehavenlemanoir.com\\\/fr\\\/12-engagements-relais-chateaux\\\/#breadcrumb\"},\"inLanguage\":\"fr-FR\",\"potentialAction\":[{\"@type\":\"ReadAction\",\"target\":[\"https:\\\/\\\/www.stonehavenlemanoir.com\\\/fr\\\/12-engagements-relais-chateaux\\\/\"]}]},{\"@type\":\"ImageObject\",\"inLanguage\":\"fr-FR\",\"@id\":\"https:\\\/\\\/www.stonehavenlemanoir.com\\\/fr\\\/12-engagements-relais-chateaux\\\/#primaryimage\",\"url\":\"https:\\\/\\\/www.stonehavenlemanoir.com\\\/wp-content\\\/uploads\\\/2025\\\/11\\\/sstonehaven-le-manoir-developpement-durable-ecofonds.jpg\",\"contentUrl\":\"https:\\\/\\\/www.stonehavenlemanoir.com\\\/wp-content\\\/uploads\\\/2025\\\/11\\\/sstonehaven-le-manoir-developpement-durable-ecofonds.jpg\",\"width\":2000,\"height\":1200},{\"@type\":\"BreadcrumbList\",\"@id\":\"https:\\\/\\\/www.stonehavenlemanoir.com\\\/fr\\\/12-engagements-relais-chateaux\\\/#breadcrumb\",\"itemListElement\":[{\"@type\":\"ListItem\",\"position\":1,\"name\":\"Home\",\"item\":\"https:\\\/\\\/www.stonehavenlemanoir.com\\\/fr\\\/\"},{\"@type\":\"ListItem\",\"position\":2,\"name\":\"12 engagements durables\"}]},{\"@type\":\"WebSite\",\"@id\":\"https:\\\/\\\/www.stonehavenlemanoir.com\\\/fr\\\/#website\",\"url\":\"https:\\\/\\\/www.stonehavenlemanoir.com\\\/fr\\\/\",\"name\":\"StoneHaven Le Manoir |\u00a0Relais &amp; Ch\u00e2teaux\",\"description\":\"Sainte-Agathe-des-Monts\",\"publisher\":{\"@id\":\"https:\\\/\\\/www.stonehavenlemanoir.com\\\/fr\\\/#organization\"},\"potentialAction\":[{\"@type\":\"SearchAction\",\"target\":{\"@type\":\"EntryPoint\",\"urlTemplate\":\"https:\\\/\\\/www.stonehavenlemanoir.com\\\/fr\\\/?s={search_term_string}\"},\"query-input\":{\"@type\":\"PropertyValueSpecification\",\"valueRequired\":true,\"valueName\":\"search_term_string\"}}],\"inLanguage\":\"fr-FR\"},{\"@type\":\"Organization\",\"@id\":\"https:\\\/\\\/www.stonehavenlemanoir.com\\\/fr\\\/#organization\",\"name\":\"StoneHaven Le Manoir |\u00a0Relais &amp; Ch\u00e2teaux\",\"url\":\"https:\\\/\\\/www.stonehavenlemanoir.com\\\/fr\\\/\",\"logo\":{\"@type\":\"ImageObject\",\"inLanguage\":\"fr-FR\",\"@id\":\"https:\\\/\\\/www.stonehavenlemanoir.com\\\/fr\\\/#\\\/schema\\\/logo\\\/image\\\/\",\"url\":\"https:\\\/\\\/www.stonehavenlemanoir.com\\\/wp-content\\\/uploads\\\/2021\\\/01\\\/logostonehaven.png\",\"contentUrl\":\"https:\\\/\\\/www.stonehavenlemanoir.com\\\/wp-content\\\/uploads\\\/2021\\\/01\\\/logostonehaven.png\",\"width\":1200,\"height\":667,\"caption\":\"StoneHaven Le Manoir |\u00a0Relais &amp; Ch\u00e2teaux\"},\"image\":{\"@id\":\"https:\\\/\\\/www.stonehavenlemanoir.com\\\/fr\\\/#\\\/schema\\\/logo\\\/image\\\/\"}}]}<\/script>\n<!-- \/ Yoast SEO plugin. -->","yoast_head_json":{"title":"12 engagements Relais & Ch\u00e2teaux en d\u00e9veloppement durable","description":"D\u00e9couvrez les 12 engagements Relais & Ch\u00e2teaux pour un d\u00e9veloppement durable au StoneHaven Le Manoir, \u00e0 Sainte-Agathe-des-Monts.","robots":{"index":"index","follow":"follow","max-snippet":"max-snippet:-1","max-image-preview":"max-image-preview:large","max-video-preview":"max-video-preview:-1"},"canonical":"https:\/\/www.stonehavenlemanoir.com\/fr\/12-engagements-relais-chateaux\/","og_locale":"fr_FR","og_type":"article","og_title":"12 engagements Relais & Ch\u00e2teaux en d\u00e9veloppement durable","og_description":"D\u00e9couvrez les 12 engagements Relais & Ch\u00e2teaux pour un d\u00e9veloppement durable au StoneHaven Le Manoir, \u00e0 Sainte-Agathe-des-Monts.","og_url":"https:\/\/www.stonehavenlemanoir.com\/fr\/12-engagements-relais-chateaux\/","og_site_name":"StoneHaven Le Manoir |\u00a0Relais &amp; Ch\u00e2teaux","article_modified_time":"2026-04-14T15:35:37+00:00","og_image":[{"width":2000,"height":1200,"url":"https:\/\/www.stonehavenlemanoir.com\/wp-content\/uploads\/2025\/11\/sstonehaven-le-manoir-developpement-durable-ecofonds.jpg","type":"image\/jpeg"}],"twitter_card":"summary_large_image","schema":{"@context":"https:\/\/schema.org","@graph":[{"@type":"WebPage","@id":"https:\/\/www.stonehavenlemanoir.com\/fr\/12-engagements-relais-chateaux\/","url":"https:\/\/www.stonehavenlemanoir.com\/fr\/12-engagements-relais-chateaux\/","name":"12 engagements Relais & Ch\u00e2teaux en d\u00e9veloppement durable","isPartOf":{"@id":"https:\/\/www.stonehavenlemanoir.com\/fr\/#website"},"primaryImageOfPage":{"@id":"https:\/\/www.stonehavenlemanoir.com\/fr\/12-engagements-relais-chateaux\/#primaryimage"},"image":{"@id":"https:\/\/www.stonehavenlemanoir.com\/fr\/12-engagements-relais-chateaux\/#primaryimage"},"thumbnailUrl":"https:\/\/www.stonehavenlemanoir.com\/wp-content\/uploads\/2025\/11\/sstonehaven-le-manoir-developpement-durable-ecofonds.jpg","datePublished":"2026-04-13T15:23:39+00:00","dateModified":"2026-04-14T15:35:37+00:00","description":"D\u00e9couvrez les 12 engagements Relais & Ch\u00e2teaux pour un d\u00e9veloppement durable au StoneHaven Le Manoir, \u00e0 Sainte-Agathe-des-Monts.","breadcrumb":{"@id":"https:\/\/www.stonehavenlemanoir.com\/fr\/12-engagements-relais-chateaux\/#breadcrumb"},"inLanguage":"fr-FR","potentialAction":[{"@type":"ReadAction","target":["https:\/\/www.stonehavenlemanoir.com\/fr\/12-engagements-relais-chateaux\/"]}]},{"@type":"ImageObject","inLanguage":"fr-FR","@id":"https:\/\/www.stonehavenlemanoir.com\/fr\/12-engagements-relais-chateaux\/#primaryimage","url":"https:\/\/www.stonehavenlemanoir.com\/wp-content\/uploads\/2025\/11\/sstonehaven-le-manoir-developpement-durable-ecofonds.jpg","contentUrl":"https:\/\/www.stonehavenlemanoir.com\/wp-content\/uploads\/2025\/11\/sstonehaven-le-manoir-developpement-durable-ecofonds.jpg","width":2000,"height":1200},{"@type":"BreadcrumbList","@id":"https:\/\/www.stonehavenlemanoir.com\/fr\/12-engagements-relais-chateaux\/#breadcrumb","itemListElement":[{"@type":"ListItem","position":1,"name":"Home","item":"https:\/\/www.stonehavenlemanoir.com\/fr\/"},{"@type":"ListItem","position":2,"name":"12 engagements durables"}]},{"@type":"WebSite","@id":"https:\/\/www.stonehavenlemanoir.com\/fr\/#website","url":"https:\/\/www.stonehavenlemanoir.com\/fr\/","name":"StoneHaven Le Manoir |\u00a0Relais &amp; Ch\u00e2teaux","description":"Sainte-Agathe-des-Monts","publisher":{"@id":"https:\/\/www.stonehavenlemanoir.com\/fr\/#organization"},"potentialAction":[{"@type":"SearchAction","target":{"@type":"EntryPoint","urlTemplate":"https:\/\/www.stonehavenlemanoir.com\/fr\/?s={search_term_string}"},"query-input":{"@type":"PropertyValueSpecification","valueRequired":true,"valueName":"search_term_string"}}],"inLanguage":"fr-FR"},{"@type":"Organization","@id":"https:\/\/www.stonehavenlemanoir.com\/fr\/#organization","name":"StoneHaven Le Manoir |\u00a0Relais &amp; Ch\u00e2teaux","url":"https:\/\/www.stonehavenlemanoir.com\/fr\/","logo":{"@type":"ImageObject","inLanguage":"fr-FR","@id":"https:\/\/www.stonehavenlemanoir.com\/fr\/#\/schema\/logo\/image\/","url":"https:\/\/www.stonehavenlemanoir.com\/wp-content\/uploads\/2021\/01\/logostonehaven.png","contentUrl":"https:\/\/www.stonehavenlemanoir.com\/wp-content\/uploads\/2021\/01\/logostonehaven.png","width":1200,"height":667,"caption":"StoneHaven Le Manoir |\u00a0Relais &amp; Ch\u00e2teaux"},"image":{"@id":"https:\/\/www.stonehavenlemanoir.com\/fr\/#\/schema\/logo\/image\/"}}]}},"_links":{"self":[{"href":"https:\/\/www.stonehavenlemanoir.com\/fr\/wp-json\/wp\/v2\/pages\/9268","targetHints":{"allow":["GET"]}}],"collection":[{"href":"https:\/\/www.stonehavenlemanoir.com\/fr\/wp-json\/wp\/v2\/pages"}],"about":[{"href":"https:\/\/www.stonehavenlemanoir.com\/fr\/wp-json\/wp\/v2\/types\/page"}],"author":[{"embeddable":true,"href":"https:\/\/www.stonehavenlemanoir.com\/fr\/wp-json\/wp\/v2\/users\/2"}],"replies":[{"embeddable":true,"href":"https:\/\/www.stonehavenlemanoir.com\/fr\/wp-json\/wp\/v2\/comments?post=9268"}],"version-history":[{"count":18,"href":"https:\/\/www.stonehavenlemanoir.com\/fr\/wp-json\/wp\/v2\/pages\/9268\/revisions"}],"predecessor-version":[{"id":9293,"href":"https:\/\/www.stonehavenlemanoir.com\/fr\/wp-json\/wp\/v2\/pages\/9268\/revisions\/9293"}],"wp:featuredmedia":[{"embeddable":true,"href":"https:\/\/www.stonehavenlemanoir.com\/fr\/wp-json\/wp\/v2\/media\/8781"}],"wp:attachment":[{"href":"https:\/\/www.stonehavenlemanoir.com\/fr\/wp-json\/wp\/v2\/media?parent=9268"}],"curies":[{"name":"wp","href":"https:\/\/api.w.org\/{rel}","templated":true}]}}