{"id":6187,"date":"2023-10-20T15:33:00","date_gmt":"2023-10-20T15:33:00","guid":{"rendered":"https:\/\/www.stonehavenlemanoir.com\/?page_id=6187"},"modified":"2025-05-23T12:57:37","modified_gmt":"2025-05-23T12:57:37","slug":"promotions","status":"publish","type":"page","link":"https:\/\/www.stonehavenlemanoir.com\/fr\/promotions\/","title":{"rendered":"Promotions"},"content":{"rendered":"","protected":false},"excerpt":{"rendered":"","protected":false},"author":2,"featured_media":6189,"parent":0,"menu_order":0,"comment_status":"closed","ping_status":"closed","template":"templates\/page-forfaits.php","meta":{"_acf_changed":false,"footnotes":""},"class_list":["post-6187","page","type-page","status-publish","has-post-thumbnail","hentry"],"acf":[],"yoast_head":"<!-- This site is optimized with the Yoast SEO plugin v27.5 - https:\/\/yoast.com\/product\/yoast-seo-wordpress\/ -->\n<title>Promotions | StoneHaven Le Manoir |\u00a0Relais &amp; Ch\u00e2teaux<\/title>\n<meta name=\"description\" content=\"L&#039;h\u00f4tel StoneHaven Le Manoir | Relais &amp; Chateaux vous propose des promotions et offres exclusives pour votre prochain s\u00e9jour.\" \/>\n<meta name=\"robots\" content=\"index, follow, max-snippet:-1, max-image-preview:large, max-video-preview:-1\" \/>\n<link rel=\"canonical\" href=\"https:\/\/www.stonehavenlemanoir.com\/fr\/promotions\/\" \/>\n<meta property=\"og:locale\" content=\"fr_FR\" \/>\n<meta property=\"og:type\" content=\"article\" \/>\n<meta property=\"og:title\" content=\"Promotions | StoneHaven Le Manoir |\u00a0Relais &amp; Ch\u00e2teaux\" \/>\n<meta property=\"og:description\" content=\"L&#039;h\u00f4tel StoneHaven Le Manoir | Relais &amp; Chateaux vous propose des promotions et offres exclusives pour votre prochain s\u00e9jour.\" \/>\n<meta property=\"og:url\" content=\"https:\/\/www.stonehavenlemanoir.com\/fr\/promotions\/\" \/>\n<meta property=\"og:site_name\" content=\"StoneHaven Le Manoir |\u00a0Relais &amp; Ch\u00e2teaux\" \/>\n<meta property=\"article:modified_time\" content=\"2025-05-23T12:57:37+00:00\" \/>\n<meta property=\"og:image\" content=\"https:\/\/www.stonehavenlemanoir.com\/wp-content\/uploads\/2023\/10\/Verres-de-vin-1.jpg\" \/>\n\t<meta property=\"og:image:width\" content=\"2048\" \/>\n\t<meta property=\"og:image:height\" content=\"1363\" \/>\n\t<meta property=\"og:image:type\" content=\"image\/jpeg\" \/>\n<meta name=\"twitter:card\" content=\"summary_large_image\" \/>\n<script type=\"application\/ld+json\" class=\"yoast-schema-graph\">{\"@context\":\"https:\\\/\\\/schema.org\",\"@graph\":[{\"@type\":\"WebPage\",\"@id\":\"https:\\\/\\\/www.stonehavenlemanoir.com\\\/fr\\\/promotions\\\/\",\"url\":\"https:\\\/\\\/www.stonehavenlemanoir.com\\\/fr\\\/promotions\\\/\",\"name\":\"Promotions | StoneHaven Le Manoir |\u00a0Relais & Ch\u00e2teaux\",\"isPartOf\":{\"@id\":\"https:\\\/\\\/www.stonehavenlemanoir.com\\\/fr\\\/#website\"},\"primaryImageOfPage\":{\"@id\":\"https:\\\/\\\/www.stonehavenlemanoir.com\\\/fr\\\/promotions\\\/#primaryimage\"},\"image\":{\"@id\":\"https:\\\/\\\/www.stonehavenlemanoir.com\\\/fr\\\/promotions\\\/#primaryimage\"},\"thumbnailUrl\":\"https:\\\/\\\/www.stonehavenlemanoir.com\\\/wp-content\\\/uploads\\\/2023\\\/10\\\/Verres-de-vin-1.jpg\",\"datePublished\":\"2023-10-20T15:33:00+00:00\",\"dateModified\":\"2025-05-23T12:57:37+00:00\",\"description\":\"L'h\u00f4tel StoneHaven Le Manoir | Relais & Chateaux vous propose des promotions et offres exclusives pour votre prochain s\u00e9jour.\",\"breadcrumb\":{\"@id\":\"https:\\\/\\\/www.stonehavenlemanoir.com\\\/fr\\\/promotions\\\/#breadcrumb\"},\"inLanguage\":\"fr-FR\",\"potentialAction\":[{\"@type\":\"ReadAction\",\"target\":[\"https:\\\/\\\/www.stonehavenlemanoir.com\\\/fr\\\/promotions\\\/\"]}]},{\"@type\":\"ImageObject\",\"inLanguage\":\"fr-FR\",\"@id\":\"https:\\\/\\\/www.stonehavenlemanoir.com\\\/fr\\\/promotions\\\/#primaryimage\",\"url\":\"https:\\\/\\\/www.stonehavenlemanoir.com\\\/wp-content\\\/uploads\\\/2023\\\/10\\\/Verres-de-vin-1.jpg\",\"contentUrl\":\"https:\\\/\\\/www.stonehavenlemanoir.com\\\/wp-content\\\/uploads\\\/2023\\\/10\\\/Verres-de-vin-1.jpg\",\"width\":2048,\"height\":1363,\"caption\":\"verres de vin\"},{\"@type\":\"BreadcrumbList\",\"@id\":\"https:\\\/\\\/www.stonehavenlemanoir.com\\\/fr\\\/promotions\\\/#breadcrumb\",\"itemListElement\":[{\"@type\":\"ListItem\",\"position\":1,\"name\":\"Home\",\"item\":\"https:\\\/\\\/www.stonehavenlemanoir.com\\\/fr\\\/\"},{\"@type\":\"ListItem\",\"position\":2,\"name\":\"Promotions\"}]},{\"@type\":\"WebSite\",\"@id\":\"https:\\\/\\\/www.stonehavenlemanoir.com\\\/fr\\\/#website\",\"url\":\"https:\\\/\\\/www.stonehavenlemanoir.com\\\/fr\\\/\",\"name\":\"StoneHaven Le Manoir |\u00a0Relais &amp; Ch\u00e2teaux\",\"description\":\"Sainte-Agathe-des-Monts\",\"publisher\":{\"@id\":\"https:\\\/\\\/www.stonehavenlemanoir.com\\\/fr\\\/#organization\"},\"potentialAction\":[{\"@type\":\"SearchAction\",\"target\":{\"@type\":\"EntryPoint\",\"urlTemplate\":\"https:\\\/\\\/www.stonehavenlemanoir.com\\\/fr\\\/?s={search_term_string}\"},\"query-input\":{\"@type\":\"PropertyValueSpecification\",\"valueRequired\":true,\"valueName\":\"search_term_string\"}}],\"inLanguage\":\"fr-FR\"},{\"@type\":\"Organization\",\"@id\":\"https:\\\/\\\/www.stonehavenlemanoir.com\\\/fr\\\/#organization\",\"name\":\"StoneHaven Le Manoir |\u00a0Relais &amp; Ch\u00e2teaux\",\"url\":\"https:\\\/\\\/www.stonehavenlemanoir.com\\\/fr\\\/\",\"logo\":{\"@type\":\"ImageObject\",\"inLanguage\":\"fr-FR\",\"@id\":\"https:\\\/\\\/www.stonehavenlemanoir.com\\\/fr\\\/#\\\/schema\\\/logo\\\/image\\\/\",\"url\":\"https:\\\/\\\/www.stonehavenlemanoir.com\\\/wp-content\\\/uploads\\\/2021\\\/01\\\/logostonehaven.png\",\"contentUrl\":\"https:\\\/\\\/www.stonehavenlemanoir.com\\\/wp-content\\\/uploads\\\/2021\\\/01\\\/logostonehaven.png\",\"width\":1200,\"height\":667,\"caption\":\"StoneHaven Le Manoir |\u00a0Relais &amp; Ch\u00e2teaux\"},\"image\":{\"@id\":\"https:\\\/\\\/www.stonehavenlemanoir.com\\\/fr\\\/#\\\/schema\\\/logo\\\/image\\\/\"}}]}<\/script>\n<!-- \/ Yoast SEO plugin. -->","yoast_head_json":{"title":"Promotions | StoneHaven Le Manoir |\u00a0Relais & Ch\u00e2teaux","description":"L'h\u00f4tel StoneHaven Le Manoir | Relais & Chateaux vous propose des promotions et offres exclusives pour votre prochain s\u00e9jour.","robots":{"index":"index","follow":"follow","max-snippet":"max-snippet:-1","max-image-preview":"max-image-preview:large","max-video-preview":"max-video-preview:-1"},"canonical":"https:\/\/www.stonehavenlemanoir.com\/fr\/promotions\/","og_locale":"fr_FR","og_type":"article","og_title":"Promotions | StoneHaven Le Manoir |\u00a0Relais & Ch\u00e2teaux","og_description":"L'h\u00f4tel StoneHaven Le Manoir | Relais & Chateaux vous propose des promotions et offres exclusives pour votre prochain s\u00e9jour.","og_url":"https:\/\/www.stonehavenlemanoir.com\/fr\/promotions\/","og_site_name":"StoneHaven Le Manoir |\u00a0Relais &amp; Ch\u00e2teaux","article_modified_time":"2025-05-23T12:57:37+00:00","og_image":[{"width":2048,"height":1363,"url":"https:\/\/www.stonehavenlemanoir.com\/wp-content\/uploads\/2023\/10\/Verres-de-vin-1.jpg","type":"image\/jpeg"}],"twitter_card":"summary_large_image","schema":{"@context":"https:\/\/schema.org","@graph":[{"@type":"WebPage","@id":"https:\/\/www.stonehavenlemanoir.com\/fr\/promotions\/","url":"https:\/\/www.stonehavenlemanoir.com\/fr\/promotions\/","name":"Promotions | StoneHaven Le Manoir |\u00a0Relais & Ch\u00e2teaux","isPartOf":{"@id":"https:\/\/www.stonehavenlemanoir.com\/fr\/#website"},"primaryImageOfPage":{"@id":"https:\/\/www.stonehavenlemanoir.com\/fr\/promotions\/#primaryimage"},"image":{"@id":"https:\/\/www.stonehavenlemanoir.com\/fr\/promotions\/#primaryimage"},"thumbnailUrl":"https:\/\/www.stonehavenlemanoir.com\/wp-content\/uploads\/2023\/10\/Verres-de-vin-1.jpg","datePublished":"2023-10-20T15:33:00+00:00","dateModified":"2025-05-23T12:57:37+00:00","description":"L'h\u00f4tel StoneHaven Le Manoir | Relais & Chateaux vous propose des promotions et offres exclusives pour votre prochain s\u00e9jour.","breadcrumb":{"@id":"https:\/\/www.stonehavenlemanoir.com\/fr\/promotions\/#breadcrumb"},"inLanguage":"fr-FR","potentialAction":[{"@type":"ReadAction","target":["https:\/\/www.stonehavenlemanoir.com\/fr\/promotions\/"]}]},{"@type":"ImageObject","inLanguage":"fr-FR","@id":"https:\/\/www.stonehavenlemanoir.com\/fr\/promotions\/#primaryimage","url":"https:\/\/www.stonehavenlemanoir.com\/wp-content\/uploads\/2023\/10\/Verres-de-vin-1.jpg","contentUrl":"https:\/\/www.stonehavenlemanoir.com\/wp-content\/uploads\/2023\/10\/Verres-de-vin-1.jpg","width":2048,"height":1363,"caption":"verres de vin"},{"@type":"BreadcrumbList","@id":"https:\/\/www.stonehavenlemanoir.com\/fr\/promotions\/#breadcrumb","itemListElement":[{"@type":"ListItem","position":1,"name":"Home","item":"https:\/\/www.stonehavenlemanoir.com\/fr\/"},{"@type":"ListItem","position":2,"name":"Promotions"}]},{"@type":"WebSite","@id":"https:\/\/www.stonehavenlemanoir.com\/fr\/#website","url":"https:\/\/www.stonehavenlemanoir.com\/fr\/","name":"StoneHaven Le Manoir |\u00a0Relais &amp; Ch\u00e2teaux","description":"Sainte-Agathe-des-Monts","publisher":{"@id":"https:\/\/www.stonehavenlemanoir.com\/fr\/#organization"},"potentialAction":[{"@type":"SearchAction","target":{"@type":"EntryPoint","urlTemplate":"https:\/\/www.stonehavenlemanoir.com\/fr\/?s={search_term_string}"},"query-input":{"@type":"PropertyValueSpecification","valueRequired":true,"valueName":"search_term_string"}}],"inLanguage":"fr-FR"},{"@type":"Organization","@id":"https:\/\/www.stonehavenlemanoir.com\/fr\/#organization","name":"StoneHaven Le Manoir |\u00a0Relais &amp; Ch\u00e2teaux","url":"https:\/\/www.stonehavenlemanoir.com\/fr\/","logo":{"@type":"ImageObject","inLanguage":"fr-FR","@id":"https:\/\/www.stonehavenlemanoir.com\/fr\/#\/schema\/logo\/image\/","url":"https:\/\/www.stonehavenlemanoir.com\/wp-content\/uploads\/2021\/01\/logostonehaven.png","contentUrl":"https:\/\/www.stonehavenlemanoir.com\/wp-content\/uploads\/2021\/01\/logostonehaven.png","width":1200,"height":667,"caption":"StoneHaven Le Manoir |\u00a0Relais &amp; Ch\u00e2teaux"},"image":{"@id":"https:\/\/www.stonehavenlemanoir.com\/fr\/#\/schema\/logo\/image\/"}}]}},"_links":{"self":[{"href":"https:\/\/www.stonehavenlemanoir.com\/fr\/wp-json\/wp\/v2\/pages\/6187","targetHints":{"allow":["GET"]}}],"collection":[{"href":"https:\/\/www.stonehavenlemanoir.com\/fr\/wp-json\/wp\/v2\/pages"}],"about":[{"href":"https:\/\/www.stonehavenlemanoir.com\/fr\/wp-json\/wp\/v2\/types\/page"}],"author":[{"embeddable":true,"href":"https:\/\/www.stonehavenlemanoir.com\/fr\/wp-json\/wp\/v2\/users\/2"}],"replies":[{"embeddable":true,"href":"https:\/\/www.stonehavenlemanoir.com\/fr\/wp-json\/wp\/v2\/comments?post=6187"}],"version-history":[{"count":112,"href":"https:\/\/www.stonehavenlemanoir.com\/fr\/wp-json\/wp\/v2\/pages\/6187\/revisions"}],"predecessor-version":[{"id":8221,"href":"https:\/\/www.stonehavenlemanoir.com\/fr\/wp-json\/wp\/v2\/pages\/6187\/revisions\/8221"}],"wp:featuredmedia":[{"embeddable":true,"href":"https:\/\/www.stonehavenlemanoir.com\/fr\/wp-json\/wp\/v2\/media\/6189"}],"wp:attachment":[{"href":"https:\/\/www.stonehavenlemanoir.com\/fr\/wp-json\/wp\/v2\/media?parent=6187"}],"curies":[{"name":"wp","href":"https:\/\/api.w.org\/{rel}","templated":true}]}}