{"id":45,"date":"2021-01-11T18:54:17","date_gmt":"2021-01-11T18:54:17","guid":{"rendered":"http:\/\/francisperreault.com\/dev\/stonehavenlemanoir.com?page_id=45"},"modified":"2026-03-05T17:33:33","modified_gmt":"2026-03-05T17:33:33","slug":"mariage","status":"publish","type":"page","link":"https:\/\/www.stonehavenlemanoir.com\/fr\/mariage\/","title":{"rendered":"Mariage"},"content":{"rendered":"","protected":false},"excerpt":{"rendered":"","protected":false},"author":1,"featured_media":5277,"parent":0,"menu_order":0,"comment_status":"closed","ping_status":"closed","template":"templates\/page-mariage.php","meta":{"_acf_changed":false,"footnotes":""},"class_list":["post-45","page","type-page","status-publish","has-post-thumbnail","hentry"],"acf":[],"yoast_head":"<!-- This site is optimized with the Yoast SEO plugin v27.6 - https:\/\/yoast.com\/product\/yoast-seo-wordpress\/ -->\n<title>Mariages | Salles de r\u00e9ception Laurentides | Relais &amp; Ch\u00e2teaux<\/title>\n<meta name=\"description\" content=\"StoneHaven Le Manoir | Relais &amp; Ch\u00e2teaux propose les plus belles salles de r\u00e9ception des Laurentides pour vous offrir le cadre id\u00e9al pour dire &quot;je le veux&quot;.\" \/>\n<meta name=\"robots\" content=\"index, follow, max-snippet:-1, max-image-preview:large, max-video-preview:-1\" \/>\n<link rel=\"canonical\" href=\"https:\/\/www.stonehavenlemanoir.com\/fr\/mariage\/\" \/>\n<meta property=\"og:locale\" content=\"fr_FR\" \/>\n<meta property=\"og:type\" content=\"article\" \/>\n<meta property=\"og:title\" content=\"Mariages | Salles de r\u00e9ception Laurentides | Relais &amp; Ch\u00e2teaux\" \/>\n<meta property=\"og:description\" content=\"StoneHaven Le Manoir | Relais &amp; Ch\u00e2teaux propose les plus belles salles de r\u00e9ception des Laurentides pour vous offrir le cadre id\u00e9al pour dire &quot;je le veux&quot;.\" \/>\n<meta property=\"og:url\" content=\"https:\/\/www.stonehavenlemanoir.com\/fr\/mariage\/\" \/>\n<meta property=\"og:site_name\" content=\"StoneHaven Le Manoir |\u00a0Relais &amp; Ch\u00e2teaux\" \/>\n<meta property=\"article:modified_time\" content=\"2026-03-05T17:33:33+00:00\" \/>\n<meta property=\"og:image\" content=\"https:\/\/www.stonehavenlemanoir.com\/wp-content\/uploads\/2023\/03\/ValerieCharles-mariage-218_websize.jpg\" \/>\n\t<meta property=\"og:image:width\" content=\"1067\" \/>\n\t<meta property=\"og:image:height\" content=\"1600\" \/>\n\t<meta property=\"og:image:type\" content=\"image\/jpeg\" \/>\n<meta name=\"twitter:card\" content=\"summary_large_image\" \/>\n<script type=\"application\/ld+json\" class=\"yoast-schema-graph\">{\"@context\":\"https:\\\/\\\/schema.org\",\"@graph\":[{\"@type\":\"WebPage\",\"@id\":\"https:\\\/\\\/www.stonehavenlemanoir.com\\\/fr\\\/mariage\\\/\",\"url\":\"https:\\\/\\\/www.stonehavenlemanoir.com\\\/fr\\\/mariage\\\/\",\"name\":\"Mariages | Salles de r\u00e9ception Laurentides | Relais & Ch\u00e2teaux\",\"isPartOf\":{\"@id\":\"https:\\\/\\\/www.stonehavenlemanoir.com\\\/fr\\\/#website\"},\"primaryImageOfPage\":{\"@id\":\"https:\\\/\\\/www.stonehavenlemanoir.com\\\/fr\\\/mariage\\\/#primaryimage\"},\"image\":{\"@id\":\"https:\\\/\\\/www.stonehavenlemanoir.com\\\/fr\\\/mariage\\\/#primaryimage\"},\"thumbnailUrl\":\"https:\\\/\\\/www.stonehavenlemanoir.com\\\/wp-content\\\/uploads\\\/2023\\\/03\\\/ValerieCharles-mariage-218_websize.jpg\",\"datePublished\":\"2021-01-11T18:54:17+00:00\",\"dateModified\":\"2026-03-05T17:33:33+00:00\",\"description\":\"StoneHaven Le Manoir | Relais & Ch\u00e2teaux propose les plus belles salles de r\u00e9ception des Laurentides pour vous offrir le cadre id\u00e9al pour dire \\\"je le veux\\\".\",\"breadcrumb\":{\"@id\":\"https:\\\/\\\/www.stonehavenlemanoir.com\\\/fr\\\/mariage\\\/#breadcrumb\"},\"inLanguage\":\"fr-FR\",\"potentialAction\":[{\"@type\":\"ReadAction\",\"target\":[\"https:\\\/\\\/www.stonehavenlemanoir.com\\\/fr\\\/mariage\\\/\"]}]},{\"@type\":\"ImageObject\",\"inLanguage\":\"fr-FR\",\"@id\":\"https:\\\/\\\/www.stonehavenlemanoir.com\\\/fr\\\/mariage\\\/#primaryimage\",\"url\":\"https:\\\/\\\/www.stonehavenlemanoir.com\\\/wp-content\\\/uploads\\\/2023\\\/03\\\/ValerieCharles-mariage-218_websize.jpg\",\"contentUrl\":\"https:\\\/\\\/www.stonehavenlemanoir.com\\\/wp-content\\\/uploads\\\/2023\\\/03\\\/ValerieCharles-mariage-218_websize.jpg\",\"width\":1067,\"height\":1600,\"caption\":\"H\u00f4tel dans les laurentides\"},{\"@type\":\"BreadcrumbList\",\"@id\":\"https:\\\/\\\/www.stonehavenlemanoir.com\\\/fr\\\/mariage\\\/#breadcrumb\",\"itemListElement\":[{\"@type\":\"ListItem\",\"position\":1,\"name\":\"Home\",\"item\":\"https:\\\/\\\/www.stonehavenlemanoir.com\\\/fr\\\/\"},{\"@type\":\"ListItem\",\"position\":2,\"name\":\"Mariage\"}]},{\"@type\":\"WebSite\",\"@id\":\"https:\\\/\\\/www.stonehavenlemanoir.com\\\/fr\\\/#website\",\"url\":\"https:\\\/\\\/www.stonehavenlemanoir.com\\\/fr\\\/\",\"name\":\"StoneHaven Le Manoir |\u00a0Relais &amp; Ch\u00e2teaux\",\"description\":\"Sainte-Agathe-des-Monts\",\"publisher\":{\"@id\":\"https:\\\/\\\/www.stonehavenlemanoir.com\\\/fr\\\/#organization\"},\"potentialAction\":[{\"@type\":\"SearchAction\",\"target\":{\"@type\":\"EntryPoint\",\"urlTemplate\":\"https:\\\/\\\/www.stonehavenlemanoir.com\\\/fr\\\/?s={search_term_string}\"},\"query-input\":{\"@type\":\"PropertyValueSpecification\",\"valueRequired\":true,\"valueName\":\"search_term_string\"}}],\"inLanguage\":\"fr-FR\"},{\"@type\":\"Organization\",\"@id\":\"https:\\\/\\\/www.stonehavenlemanoir.com\\\/fr\\\/#organization\",\"name\":\"StoneHaven Le Manoir |\u00a0Relais &amp; Ch\u00e2teaux\",\"url\":\"https:\\\/\\\/www.stonehavenlemanoir.com\\\/fr\\\/\",\"logo\":{\"@type\":\"ImageObject\",\"inLanguage\":\"fr-FR\",\"@id\":\"https:\\\/\\\/www.stonehavenlemanoir.com\\\/fr\\\/#\\\/schema\\\/logo\\\/image\\\/\",\"url\":\"https:\\\/\\\/www.stonehavenlemanoir.com\\\/wp-content\\\/uploads\\\/2021\\\/01\\\/logostonehaven.png\",\"contentUrl\":\"https:\\\/\\\/www.stonehavenlemanoir.com\\\/wp-content\\\/uploads\\\/2021\\\/01\\\/logostonehaven.png\",\"width\":1200,\"height\":667,\"caption\":\"StoneHaven Le Manoir |\u00a0Relais &amp; Ch\u00e2teaux\"},\"image\":{\"@id\":\"https:\\\/\\\/www.stonehavenlemanoir.com\\\/fr\\\/#\\\/schema\\\/logo\\\/image\\\/\"}}]}<\/script>\n<!-- \/ Yoast SEO plugin. -->","yoast_head_json":{"title":"Mariages | Salles de r\u00e9ception Laurentides | Relais & Ch\u00e2teaux","description":"StoneHaven Le Manoir | Relais & Ch\u00e2teaux propose les plus belles salles de r\u00e9ception des Laurentides pour vous offrir le cadre id\u00e9al pour dire \"je le veux\".","robots":{"index":"index","follow":"follow","max-snippet":"max-snippet:-1","max-image-preview":"max-image-preview:large","max-video-preview":"max-video-preview:-1"},"canonical":"https:\/\/www.stonehavenlemanoir.com\/fr\/mariage\/","og_locale":"fr_FR","og_type":"article","og_title":"Mariages | Salles de r\u00e9ception Laurentides | Relais & Ch\u00e2teaux","og_description":"StoneHaven Le Manoir | Relais & Ch\u00e2teaux propose les plus belles salles de r\u00e9ception des Laurentides pour vous offrir le cadre id\u00e9al pour dire \"je le veux\".","og_url":"https:\/\/www.stonehavenlemanoir.com\/fr\/mariage\/","og_site_name":"StoneHaven Le Manoir |\u00a0Relais &amp; Ch\u00e2teaux","article_modified_time":"2026-03-05T17:33:33+00:00","og_image":[{"width":1067,"height":1600,"url":"https:\/\/www.stonehavenlemanoir.com\/wp-content\/uploads\/2023\/03\/ValerieCharles-mariage-218_websize.jpg","type":"image\/jpeg"}],"twitter_card":"summary_large_image","schema":{"@context":"https:\/\/schema.org","@graph":[{"@type":"WebPage","@id":"https:\/\/www.stonehavenlemanoir.com\/fr\/mariage\/","url":"https:\/\/www.stonehavenlemanoir.com\/fr\/mariage\/","name":"Mariages | Salles de r\u00e9ception Laurentides | Relais & Ch\u00e2teaux","isPartOf":{"@id":"https:\/\/www.stonehavenlemanoir.com\/fr\/#website"},"primaryImageOfPage":{"@id":"https:\/\/www.stonehavenlemanoir.com\/fr\/mariage\/#primaryimage"},"image":{"@id":"https:\/\/www.stonehavenlemanoir.com\/fr\/mariage\/#primaryimage"},"thumbnailUrl":"https:\/\/www.stonehavenlemanoir.com\/wp-content\/uploads\/2023\/03\/ValerieCharles-mariage-218_websize.jpg","datePublished":"2021-01-11T18:54:17+00:00","dateModified":"2026-03-05T17:33:33+00:00","description":"StoneHaven Le Manoir | Relais & Ch\u00e2teaux propose les plus belles salles de r\u00e9ception des Laurentides pour vous offrir le cadre id\u00e9al pour dire \"je le veux\".","breadcrumb":{"@id":"https:\/\/www.stonehavenlemanoir.com\/fr\/mariage\/#breadcrumb"},"inLanguage":"fr-FR","potentialAction":[{"@type":"ReadAction","target":["https:\/\/www.stonehavenlemanoir.com\/fr\/mariage\/"]}]},{"@type":"ImageObject","inLanguage":"fr-FR","@id":"https:\/\/www.stonehavenlemanoir.com\/fr\/mariage\/#primaryimage","url":"https:\/\/www.stonehavenlemanoir.com\/wp-content\/uploads\/2023\/03\/ValerieCharles-mariage-218_websize.jpg","contentUrl":"https:\/\/www.stonehavenlemanoir.com\/wp-content\/uploads\/2023\/03\/ValerieCharles-mariage-218_websize.jpg","width":1067,"height":1600,"caption":"H\u00f4tel dans les laurentides"},{"@type":"BreadcrumbList","@id":"https:\/\/www.stonehavenlemanoir.com\/fr\/mariage\/#breadcrumb","itemListElement":[{"@type":"ListItem","position":1,"name":"Home","item":"https:\/\/www.stonehavenlemanoir.com\/fr\/"},{"@type":"ListItem","position":2,"name":"Mariage"}]},{"@type":"WebSite","@id":"https:\/\/www.stonehavenlemanoir.com\/fr\/#website","url":"https:\/\/www.stonehavenlemanoir.com\/fr\/","name":"StoneHaven Le Manoir |\u00a0Relais &amp; Ch\u00e2teaux","description":"Sainte-Agathe-des-Monts","publisher":{"@id":"https:\/\/www.stonehavenlemanoir.com\/fr\/#organization"},"potentialAction":[{"@type":"SearchAction","target":{"@type":"EntryPoint","urlTemplate":"https:\/\/www.stonehavenlemanoir.com\/fr\/?s={search_term_string}"},"query-input":{"@type":"PropertyValueSpecification","valueRequired":true,"valueName":"search_term_string"}}],"inLanguage":"fr-FR"},{"@type":"Organization","@id":"https:\/\/www.stonehavenlemanoir.com\/fr\/#organization","name":"StoneHaven Le Manoir |\u00a0Relais &amp; Ch\u00e2teaux","url":"https:\/\/www.stonehavenlemanoir.com\/fr\/","logo":{"@type":"ImageObject","inLanguage":"fr-FR","@id":"https:\/\/www.stonehavenlemanoir.com\/fr\/#\/schema\/logo\/image\/","url":"https:\/\/www.stonehavenlemanoir.com\/wp-content\/uploads\/2021\/01\/logostonehaven.png","contentUrl":"https:\/\/www.stonehavenlemanoir.com\/wp-content\/uploads\/2021\/01\/logostonehaven.png","width":1200,"height":667,"caption":"StoneHaven Le Manoir |\u00a0Relais &amp; Ch\u00e2teaux"},"image":{"@id":"https:\/\/www.stonehavenlemanoir.com\/fr\/#\/schema\/logo\/image\/"}}]}},"_links":{"self":[{"href":"https:\/\/www.stonehavenlemanoir.com\/fr\/wp-json\/wp\/v2\/pages\/45","targetHints":{"allow":["GET"]}}],"collection":[{"href":"https:\/\/www.stonehavenlemanoir.com\/fr\/wp-json\/wp\/v2\/pages"}],"about":[{"href":"https:\/\/www.stonehavenlemanoir.com\/fr\/wp-json\/wp\/v2\/types\/page"}],"author":[{"embeddable":true,"href":"https:\/\/www.stonehavenlemanoir.com\/fr\/wp-json\/wp\/v2\/users\/1"}],"replies":[{"embeddable":true,"href":"https:\/\/www.stonehavenlemanoir.com\/fr\/wp-json\/wp\/v2\/comments?post=45"}],"version-history":[{"count":67,"href":"https:\/\/www.stonehavenlemanoir.com\/fr\/wp-json\/wp\/v2\/pages\/45\/revisions"}],"predecessor-version":[{"id":9126,"href":"https:\/\/www.stonehavenlemanoir.com\/fr\/wp-json\/wp\/v2\/pages\/45\/revisions\/9126"}],"wp:featuredmedia":[{"embeddable":true,"href":"https:\/\/www.stonehavenlemanoir.com\/fr\/wp-json\/wp\/v2\/media\/5277"}],"wp:attachment":[{"href":"https:\/\/www.stonehavenlemanoir.com\/fr\/wp-json\/wp\/v2\/media?parent=45"}],"curies":[{"name":"wp","href":"https:\/\/api.w.org\/{rel}","templated":true}]}}