{"id":22,"date":"2021-01-11T18:49:31","date_gmt":"2021-01-11T18:49:31","guid":{"rendered":"http:\/\/francisperreault.com\/dev\/stonehavenlemanoir.com?page_id=22"},"modified":"2024-01-08T20:18:15","modified_gmt":"2024-01-08T20:18:15","slug":"animaux","status":"publish","type":"page","link":"https:\/\/www.stonehavenlemanoir.com\/fr\/hotel\/animaux\/","title":{"rendered":"Politique sur les animaux"},"content":{"rendered":"","protected":false},"excerpt":{"rendered":"","protected":false},"author":1,"featured_media":551,"parent":24,"menu_order":0,"comment_status":"closed","ping_status":"closed","template":"templates\/page-animaux.php","meta":{"_acf_changed":false,"footnotes":""},"class_list":["post-22","page","type-page","status-publish","has-post-thumbnail","hentry"],"acf":[],"yoast_head":"<!-- This site is optimized with the Yoast SEO plugin v27.5 - https:\/\/yoast.com\/product\/yoast-seo-wordpress\/ -->\n<title>Animaux | H\u00f4tel de luxe | Relais &amp; Ch\u00e2teaux<\/title>\n<meta name=\"description\" content=\"S\u00e9journez avec votre fid\u00e8le compagnon \u00e0 quatre pattes. Offrez-lui l&#039;h\u00f4tel de luxe qu&#039;il m\u00e9rite au c\u0153ur des Laurentides.\" \/>\n<meta name=\"robots\" content=\"index, follow, max-snippet:-1, max-image-preview:large, max-video-preview:-1\" \/>\n<link rel=\"canonical\" href=\"https:\/\/www.stonehavenlemanoir.com\/fr\/hotel\/animaux\/\" \/>\n<meta property=\"og:locale\" content=\"fr_FR\" \/>\n<meta property=\"og:type\" content=\"article\" \/>\n<meta property=\"og:title\" content=\"Animaux | H\u00f4tel de luxe | Relais &amp; Ch\u00e2teaux\" \/>\n<meta property=\"og:description\" content=\"S\u00e9journez avec votre fid\u00e8le compagnon \u00e0 quatre pattes. Offrez-lui l&#039;h\u00f4tel de luxe qu&#039;il m\u00e9rite au c\u0153ur des Laurentides.\" \/>\n<meta property=\"og:url\" content=\"https:\/\/www.stonehavenlemanoir.com\/fr\/hotel\/animaux\/\" \/>\n<meta property=\"og:site_name\" content=\"StoneHaven Le Manoir |\u00a0Relais &amp; Ch\u00e2teaux\" \/>\n<meta property=\"article:modified_time\" content=\"2024-01-08T20:18:15+00:00\" \/>\n<meta property=\"og:image\" content=\"https:\/\/www.stonehavenlemanoir.com\/wp-content\/uploads\/2021\/01\/20200902-2235-stonehaven-le-manoir-lifestyle-chambre-haute-resolution-1920px.jpg\" \/>\n\t<meta property=\"og:image:width\" content=\"1920\" \/>\n\t<meta property=\"og:image:height\" content=\"1280\" \/>\n\t<meta property=\"og:image:type\" content=\"image\/jpeg\" \/>\n<meta name=\"twitter:card\" content=\"summary_large_image\" \/>\n<script type=\"application\/ld+json\" class=\"yoast-schema-graph\">{\"@context\":\"https:\\\/\\\/schema.org\",\"@graph\":[{\"@type\":\"WebPage\",\"@id\":\"https:\\\/\\\/www.stonehavenlemanoir.com\\\/fr\\\/hotel\\\/animaux\\\/\",\"url\":\"https:\\\/\\\/www.stonehavenlemanoir.com\\\/fr\\\/hotel\\\/animaux\\\/\",\"name\":\"Animaux | H\u00f4tel de luxe | Relais & Ch\u00e2teaux\",\"isPartOf\":{\"@id\":\"https:\\\/\\\/www.stonehavenlemanoir.com\\\/fr\\\/#website\"},\"primaryImageOfPage\":{\"@id\":\"https:\\\/\\\/www.stonehavenlemanoir.com\\\/fr\\\/hotel\\\/animaux\\\/#primaryimage\"},\"image\":{\"@id\":\"https:\\\/\\\/www.stonehavenlemanoir.com\\\/fr\\\/hotel\\\/animaux\\\/#primaryimage\"},\"thumbnailUrl\":\"https:\\\/\\\/www.stonehavenlemanoir.com\\\/wp-content\\\/uploads\\\/2021\\\/01\\\/20200902-2235-stonehaven-le-manoir-lifestyle-chambre-haute-resolution-1920px.jpg\",\"datePublished\":\"2021-01-11T18:49:31+00:00\",\"dateModified\":\"2024-01-08T20:18:15+00:00\",\"description\":\"S\u00e9journez avec votre fid\u00e8le compagnon \u00e0 quatre pattes. Offrez-lui l'h\u00f4tel de luxe qu'il m\u00e9rite au c\u0153ur des Laurentides.\",\"breadcrumb\":{\"@id\":\"https:\\\/\\\/www.stonehavenlemanoir.com\\\/fr\\\/hotel\\\/animaux\\\/#breadcrumb\"},\"inLanguage\":\"fr-FR\",\"potentialAction\":[{\"@type\":\"ReadAction\",\"target\":[\"https:\\\/\\\/www.stonehavenlemanoir.com\\\/fr\\\/hotel\\\/animaux\\\/\"]}]},{\"@type\":\"ImageObject\",\"inLanguage\":\"fr-FR\",\"@id\":\"https:\\\/\\\/www.stonehavenlemanoir.com\\\/fr\\\/hotel\\\/animaux\\\/#primaryimage\",\"url\":\"https:\\\/\\\/www.stonehavenlemanoir.com\\\/wp-content\\\/uploads\\\/2021\\\/01\\\/20200902-2235-stonehaven-le-manoir-lifestyle-chambre-haute-resolution-1920px.jpg\",\"contentUrl\":\"https:\\\/\\\/www.stonehavenlemanoir.com\\\/wp-content\\\/uploads\\\/2021\\\/01\\\/20200902-2235-stonehaven-le-manoir-lifestyle-chambre-haute-resolution-1920px.jpg\",\"width\":1920,\"height\":1280,\"caption\":\"Hotel de luxe Laurentides\"},{\"@type\":\"BreadcrumbList\",\"@id\":\"https:\\\/\\\/www.stonehavenlemanoir.com\\\/fr\\\/hotel\\\/animaux\\\/#breadcrumb\",\"itemListElement\":[{\"@type\":\"ListItem\",\"position\":1,\"name\":\"Home\",\"item\":\"https:\\\/\\\/www.stonehavenlemanoir.com\\\/fr\\\/\"},{\"@type\":\"ListItem\",\"position\":2,\"name\":\"Hotel\",\"item\":\"https:\\\/\\\/www.stonehavenlemanoir.com\\\/fr\\\/hotel\\\/\"},{\"@type\":\"ListItem\",\"position\":3,\"name\":\"Politique sur les animaux\"}]},{\"@type\":\"WebSite\",\"@id\":\"https:\\\/\\\/www.stonehavenlemanoir.com\\\/fr\\\/#website\",\"url\":\"https:\\\/\\\/www.stonehavenlemanoir.com\\\/fr\\\/\",\"name\":\"StoneHaven Le Manoir |\u00a0Relais &amp; Ch\u00e2teaux\",\"description\":\"Sainte-Agathe-des-Monts\",\"publisher\":{\"@id\":\"https:\\\/\\\/www.stonehavenlemanoir.com\\\/fr\\\/#organization\"},\"potentialAction\":[{\"@type\":\"SearchAction\",\"target\":{\"@type\":\"EntryPoint\",\"urlTemplate\":\"https:\\\/\\\/www.stonehavenlemanoir.com\\\/fr\\\/?s={search_term_string}\"},\"query-input\":{\"@type\":\"PropertyValueSpecification\",\"valueRequired\":true,\"valueName\":\"search_term_string\"}}],\"inLanguage\":\"fr-FR\"},{\"@type\":\"Organization\",\"@id\":\"https:\\\/\\\/www.stonehavenlemanoir.com\\\/fr\\\/#organization\",\"name\":\"StoneHaven Le Manoir |\u00a0Relais &amp; Ch\u00e2teaux\",\"url\":\"https:\\\/\\\/www.stonehavenlemanoir.com\\\/fr\\\/\",\"logo\":{\"@type\":\"ImageObject\",\"inLanguage\":\"fr-FR\",\"@id\":\"https:\\\/\\\/www.stonehavenlemanoir.com\\\/fr\\\/#\\\/schema\\\/logo\\\/image\\\/\",\"url\":\"https:\\\/\\\/www.stonehavenlemanoir.com\\\/wp-content\\\/uploads\\\/2021\\\/01\\\/logostonehaven.png\",\"contentUrl\":\"https:\\\/\\\/www.stonehavenlemanoir.com\\\/wp-content\\\/uploads\\\/2021\\\/01\\\/logostonehaven.png\",\"width\":1200,\"height\":667,\"caption\":\"StoneHaven Le Manoir |\u00a0Relais &amp; Ch\u00e2teaux\"},\"image\":{\"@id\":\"https:\\\/\\\/www.stonehavenlemanoir.com\\\/fr\\\/#\\\/schema\\\/logo\\\/image\\\/\"}}]}<\/script>\n<!-- \/ Yoast SEO plugin. -->","yoast_head_json":{"title":"Animaux | H\u00f4tel de luxe | Relais & Ch\u00e2teaux","description":"S\u00e9journez avec votre fid\u00e8le compagnon \u00e0 quatre pattes. Offrez-lui l'h\u00f4tel de luxe qu'il m\u00e9rite au c\u0153ur des Laurentides.","robots":{"index":"index","follow":"follow","max-snippet":"max-snippet:-1","max-image-preview":"max-image-preview:large","max-video-preview":"max-video-preview:-1"},"canonical":"https:\/\/www.stonehavenlemanoir.com\/fr\/hotel\/animaux\/","og_locale":"fr_FR","og_type":"article","og_title":"Animaux | H\u00f4tel de luxe | Relais & Ch\u00e2teaux","og_description":"S\u00e9journez avec votre fid\u00e8le compagnon \u00e0 quatre pattes. Offrez-lui l'h\u00f4tel de luxe qu'il m\u00e9rite au c\u0153ur des Laurentides.","og_url":"https:\/\/www.stonehavenlemanoir.com\/fr\/hotel\/animaux\/","og_site_name":"StoneHaven Le Manoir |\u00a0Relais &amp; Ch\u00e2teaux","article_modified_time":"2024-01-08T20:18:15+00:00","og_image":[{"width":1920,"height":1280,"url":"https:\/\/www.stonehavenlemanoir.com\/wp-content\/uploads\/2021\/01\/20200902-2235-stonehaven-le-manoir-lifestyle-chambre-haute-resolution-1920px.jpg","type":"image\/jpeg"}],"twitter_card":"summary_large_image","schema":{"@context":"https:\/\/schema.org","@graph":[{"@type":"WebPage","@id":"https:\/\/www.stonehavenlemanoir.com\/fr\/hotel\/animaux\/","url":"https:\/\/www.stonehavenlemanoir.com\/fr\/hotel\/animaux\/","name":"Animaux | H\u00f4tel de luxe | Relais & Ch\u00e2teaux","isPartOf":{"@id":"https:\/\/www.stonehavenlemanoir.com\/fr\/#website"},"primaryImageOfPage":{"@id":"https:\/\/www.stonehavenlemanoir.com\/fr\/hotel\/animaux\/#primaryimage"},"image":{"@id":"https:\/\/www.stonehavenlemanoir.com\/fr\/hotel\/animaux\/#primaryimage"},"thumbnailUrl":"https:\/\/www.stonehavenlemanoir.com\/wp-content\/uploads\/2021\/01\/20200902-2235-stonehaven-le-manoir-lifestyle-chambre-haute-resolution-1920px.jpg","datePublished":"2021-01-11T18:49:31+00:00","dateModified":"2024-01-08T20:18:15+00:00","description":"S\u00e9journez avec votre fid\u00e8le compagnon \u00e0 quatre pattes. Offrez-lui l'h\u00f4tel de luxe qu'il m\u00e9rite au c\u0153ur des Laurentides.","breadcrumb":{"@id":"https:\/\/www.stonehavenlemanoir.com\/fr\/hotel\/animaux\/#breadcrumb"},"inLanguage":"fr-FR","potentialAction":[{"@type":"ReadAction","target":["https:\/\/www.stonehavenlemanoir.com\/fr\/hotel\/animaux\/"]}]},{"@type":"ImageObject","inLanguage":"fr-FR","@id":"https:\/\/www.stonehavenlemanoir.com\/fr\/hotel\/animaux\/#primaryimage","url":"https:\/\/www.stonehavenlemanoir.com\/wp-content\/uploads\/2021\/01\/20200902-2235-stonehaven-le-manoir-lifestyle-chambre-haute-resolution-1920px.jpg","contentUrl":"https:\/\/www.stonehavenlemanoir.com\/wp-content\/uploads\/2021\/01\/20200902-2235-stonehaven-le-manoir-lifestyle-chambre-haute-resolution-1920px.jpg","width":1920,"height":1280,"caption":"Hotel de luxe Laurentides"},{"@type":"BreadcrumbList","@id":"https:\/\/www.stonehavenlemanoir.com\/fr\/hotel\/animaux\/#breadcrumb","itemListElement":[{"@type":"ListItem","position":1,"name":"Home","item":"https:\/\/www.stonehavenlemanoir.com\/fr\/"},{"@type":"ListItem","position":2,"name":"Hotel","item":"https:\/\/www.stonehavenlemanoir.com\/fr\/hotel\/"},{"@type":"ListItem","position":3,"name":"Politique sur les animaux"}]},{"@type":"WebSite","@id":"https:\/\/www.stonehavenlemanoir.com\/fr\/#website","url":"https:\/\/www.stonehavenlemanoir.com\/fr\/","name":"StoneHaven Le Manoir |\u00a0Relais &amp; Ch\u00e2teaux","description":"Sainte-Agathe-des-Monts","publisher":{"@id":"https:\/\/www.stonehavenlemanoir.com\/fr\/#organization"},"potentialAction":[{"@type":"SearchAction","target":{"@type":"EntryPoint","urlTemplate":"https:\/\/www.stonehavenlemanoir.com\/fr\/?s={search_term_string}"},"query-input":{"@type":"PropertyValueSpecification","valueRequired":true,"valueName":"search_term_string"}}],"inLanguage":"fr-FR"},{"@type":"Organization","@id":"https:\/\/www.stonehavenlemanoir.com\/fr\/#organization","name":"StoneHaven Le Manoir |\u00a0Relais &amp; Ch\u00e2teaux","url":"https:\/\/www.stonehavenlemanoir.com\/fr\/","logo":{"@type":"ImageObject","inLanguage":"fr-FR","@id":"https:\/\/www.stonehavenlemanoir.com\/fr\/#\/schema\/logo\/image\/","url":"https:\/\/www.stonehavenlemanoir.com\/wp-content\/uploads\/2021\/01\/logostonehaven.png","contentUrl":"https:\/\/www.stonehavenlemanoir.com\/wp-content\/uploads\/2021\/01\/logostonehaven.png","width":1200,"height":667,"caption":"StoneHaven Le Manoir |\u00a0Relais &amp; Ch\u00e2teaux"},"image":{"@id":"https:\/\/www.stonehavenlemanoir.com\/fr\/#\/schema\/logo\/image\/"}}]}},"_links":{"self":[{"href":"https:\/\/www.stonehavenlemanoir.com\/fr\/wp-json\/wp\/v2\/pages\/22","targetHints":{"allow":["GET"]}}],"collection":[{"href":"https:\/\/www.stonehavenlemanoir.com\/fr\/wp-json\/wp\/v2\/pages"}],"about":[{"href":"https:\/\/www.stonehavenlemanoir.com\/fr\/wp-json\/wp\/v2\/types\/page"}],"author":[{"embeddable":true,"href":"https:\/\/www.stonehavenlemanoir.com\/fr\/wp-json\/wp\/v2\/users\/1"}],"replies":[{"embeddable":true,"href":"https:\/\/www.stonehavenlemanoir.com\/fr\/wp-json\/wp\/v2\/comments?post=22"}],"version-history":[{"count":19,"href":"https:\/\/www.stonehavenlemanoir.com\/fr\/wp-json\/wp\/v2\/pages\/22\/revisions"}],"predecessor-version":[{"id":6593,"href":"https:\/\/www.stonehavenlemanoir.com\/fr\/wp-json\/wp\/v2\/pages\/22\/revisions\/6593"}],"up":[{"embeddable":true,"href":"https:\/\/www.stonehavenlemanoir.com\/fr\/wp-json\/wp\/v2\/pages\/24"}],"wp:featuredmedia":[{"embeddable":true,"href":"https:\/\/www.stonehavenlemanoir.com\/fr\/wp-json\/wp\/v2\/media\/551"}],"wp:attachment":[{"href":"https:\/\/www.stonehavenlemanoir.com\/fr\/wp-json\/wp\/v2\/media?parent=22"}],"curies":[{"name":"wp","href":"https:\/\/api.w.org\/{rel}","templated":true}]}}