{"id":13,"date":"2021-01-11T18:46:51","date_gmt":"2021-01-11T18:46:51","guid":{"rendered":"http:\/\/francisperreault.com\/dev\/stonehavenlemanoir.com?page_id=13"},"modified":"2025-01-23T17:47:34","modified_gmt":"2025-01-23T17:47:34","slug":"reservations","status":"publish","type":"page","link":"https:\/\/www.stonehavenlemanoir.com\/fr\/reservations\/","title":{"rendered":"R\u00e9servations"},"content":{"rendered":"","protected":false},"excerpt":{"rendered":"","protected":false},"author":1,"featured_media":117,"parent":0,"menu_order":0,"comment_status":"closed","ping_status":"closed","template":"templates\/page-reservation.php","meta":{"_acf_changed":false,"footnotes":""},"class_list":["post-13","page","type-page","status-publish","has-post-thumbnail","hentry"],"acf":[],"yoast_head":"<!-- This site is optimized with the Yoast SEO plugin v27.2 - https:\/\/yoast.com\/product\/yoast-seo-wordpress\/ -->\n<title>H\u00f4tel de luxe Laurentides | R\u00e9servations | StoneHaven Le Manoir<\/title>\n<meta name=\"description\" content=\"Visitez notre site internet officiel pour effectuer vos r\u00e9servations en direct et profitez pleinement de votre s\u00e9jour au StoneHaven Le Manoir\" \/>\n<meta name=\"robots\" content=\"index, follow, max-snippet:-1, max-image-preview:large, max-video-preview:-1\" \/>\n<link rel=\"canonical\" href=\"https:\/\/www.stonehavenlemanoir.com\/fr\/reservations\/\" \/>\n<meta property=\"og:locale\" content=\"fr_FR\" \/>\n<meta property=\"og:type\" content=\"article\" \/>\n<meta property=\"og:title\" content=\"H\u00f4tel de luxe Laurentides | R\u00e9servations | StoneHaven Le Manoir\" \/>\n<meta property=\"og:description\" content=\"Visitez notre site internet officiel pour effectuer vos r\u00e9servations en direct et profitez pleinement de votre s\u00e9jour au StoneHaven Le Manoir\" \/>\n<meta property=\"og:url\" content=\"https:\/\/www.stonehavenlemanoir.com\/fr\/reservations\/\" \/>\n<meta property=\"og:site_name\" content=\"StoneHaven Le Manoir |\u00a0Relais &amp; Ch\u00e2teaux\" \/>\n<meta property=\"article:modified_time\" content=\"2025-01-23T17:47:34+00:00\" \/>\n<meta property=\"og:image\" content=\"https:\/\/www.stonehavenlemanoir.com\/wp-content\/uploads\/2021\/01\/5ca54b466406900852184266_StoneHaven-A-Couper-Le-Souffle.jpg\" \/>\n\t<meta property=\"og:image:width\" content=\"1500\" \/>\n\t<meta property=\"og:image:height\" content=\"1000\" \/>\n\t<meta property=\"og:image:type\" content=\"image\/jpeg\" \/>\n<meta name=\"twitter:card\" content=\"summary_large_image\" \/>\n<script type=\"application\/ld+json\" class=\"yoast-schema-graph\">{\"@context\":\"https:\/\/schema.org\",\"@graph\":[{\"@type\":\"WebPage\",\"@id\":\"https:\/\/www.stonehavenlemanoir.com\/fr\/reservations\/\",\"url\":\"https:\/\/www.stonehavenlemanoir.com\/fr\/reservations\/\",\"name\":\"H\u00f4tel de luxe Laurentides | R\u00e9servations | StoneHaven Le Manoir\",\"isPartOf\":{\"@id\":\"https:\/\/www.stonehavenlemanoir.com\/fr\/#website\"},\"primaryImageOfPage\":{\"@id\":\"https:\/\/www.stonehavenlemanoir.com\/fr\/reservations\/#primaryimage\"},\"image\":{\"@id\":\"https:\/\/www.stonehavenlemanoir.com\/fr\/reservations\/#primaryimage\"},\"thumbnailUrl\":\"https:\/\/www.stonehavenlemanoir.com\/wp-content\/uploads\/2021\/01\/5ca54b466406900852184266_StoneHaven-A-Couper-Le-Souffle.jpg\",\"datePublished\":\"2021-01-11T18:46:51+00:00\",\"dateModified\":\"2025-01-23T17:47:34+00:00\",\"description\":\"Visitez notre site internet officiel pour effectuer vos r\u00e9servations en direct et profitez pleinement de votre s\u00e9jour au StoneHaven Le Manoir\",\"breadcrumb\":{\"@id\":\"https:\/\/www.stonehavenlemanoir.com\/fr\/reservations\/#breadcrumb\"},\"inLanguage\":\"fr-FR\",\"potentialAction\":[{\"@type\":\"ReadAction\",\"target\":[\"https:\/\/www.stonehavenlemanoir.com\/fr\/reservations\/\"]}]},{\"@type\":\"ImageObject\",\"inLanguage\":\"fr-FR\",\"@id\":\"https:\/\/www.stonehavenlemanoir.com\/fr\/reservations\/#primaryimage\",\"url\":\"https:\/\/www.stonehavenlemanoir.com\/wp-content\/uploads\/2021\/01\/5ca54b466406900852184266_StoneHaven-A-Couper-Le-Souffle.jpg\",\"contentUrl\":\"https:\/\/www.stonehavenlemanoir.com\/wp-content\/uploads\/2021\/01\/5ca54b466406900852184266_StoneHaven-A-Couper-Le-Souffle.jpg\",\"width\":1500,\"height\":1000,\"caption\":\"H\u00f4tel dans les Laurentides - Relais et Ch\u00e2teaux\"},{\"@type\":\"BreadcrumbList\",\"@id\":\"https:\/\/www.stonehavenlemanoir.com\/fr\/reservations\/#breadcrumb\",\"itemListElement\":[{\"@type\":\"ListItem\",\"position\":1,\"name\":\"Home\",\"item\":\"https:\/\/www.stonehavenlemanoir.com\/fr\/\"},{\"@type\":\"ListItem\",\"position\":2,\"name\":\"R\u00e9servations\"}]},{\"@type\":\"WebSite\",\"@id\":\"https:\/\/www.stonehavenlemanoir.com\/fr\/#website\",\"url\":\"https:\/\/www.stonehavenlemanoir.com\/fr\/\",\"name\":\"StoneHaven Le Manoir |\u00a0Relais &amp; Ch\u00e2teaux\",\"description\":\"Sainte-Agathe-des-Monts\",\"publisher\":{\"@id\":\"https:\/\/www.stonehavenlemanoir.com\/fr\/#organization\"},\"potentialAction\":[{\"@type\":\"SearchAction\",\"target\":{\"@type\":\"EntryPoint\",\"urlTemplate\":\"https:\/\/www.stonehavenlemanoir.com\/fr\/?s={search_term_string}\"},\"query-input\":{\"@type\":\"PropertyValueSpecification\",\"valueRequired\":true,\"valueName\":\"search_term_string\"}}],\"inLanguage\":\"fr-FR\"},{\"@type\":\"Organization\",\"@id\":\"https:\/\/www.stonehavenlemanoir.com\/fr\/#organization\",\"name\":\"StoneHaven Le Manoir |\u00a0Relais &amp; Ch\u00e2teaux\",\"url\":\"https:\/\/www.stonehavenlemanoir.com\/fr\/\",\"logo\":{\"@type\":\"ImageObject\",\"inLanguage\":\"fr-FR\",\"@id\":\"https:\/\/www.stonehavenlemanoir.com\/fr\/#\/schema\/logo\/image\/\",\"url\":\"https:\/\/www.stonehavenlemanoir.com\/wp-content\/uploads\/2021\/01\/logostonehaven.png\",\"contentUrl\":\"https:\/\/www.stonehavenlemanoir.com\/wp-content\/uploads\/2021\/01\/logostonehaven.png\",\"width\":1200,\"height\":667,\"caption\":\"StoneHaven Le Manoir |\u00a0Relais &amp; Ch\u00e2teaux\"},\"image\":{\"@id\":\"https:\/\/www.stonehavenlemanoir.com\/fr\/#\/schema\/logo\/image\/\"}}]}<\/script>\n<!-- \/ Yoast SEO plugin. -->","yoast_head_json":{"title":"H\u00f4tel de luxe Laurentides | R\u00e9servations | StoneHaven Le Manoir","description":"Visitez notre site internet officiel pour effectuer vos r\u00e9servations en direct et profitez pleinement de votre s\u00e9jour au StoneHaven Le Manoir","robots":{"index":"index","follow":"follow","max-snippet":"max-snippet:-1","max-image-preview":"max-image-preview:large","max-video-preview":"max-video-preview:-1"},"canonical":"https:\/\/www.stonehavenlemanoir.com\/fr\/reservations\/","og_locale":"fr_FR","og_type":"article","og_title":"H\u00f4tel de luxe Laurentides | R\u00e9servations | StoneHaven Le Manoir","og_description":"Visitez notre site internet officiel pour effectuer vos r\u00e9servations en direct et profitez pleinement de votre s\u00e9jour au StoneHaven Le Manoir","og_url":"https:\/\/www.stonehavenlemanoir.com\/fr\/reservations\/","og_site_name":"StoneHaven Le Manoir |\u00a0Relais &amp; Ch\u00e2teaux","article_modified_time":"2025-01-23T17:47:34+00:00","og_image":[{"width":1500,"height":1000,"url":"https:\/\/www.stonehavenlemanoir.com\/wp-content\/uploads\/2021\/01\/5ca54b466406900852184266_StoneHaven-A-Couper-Le-Souffle.jpg","type":"image\/jpeg"}],"twitter_card":"summary_large_image","schema":{"@context":"https:\/\/schema.org","@graph":[{"@type":"WebPage","@id":"https:\/\/www.stonehavenlemanoir.com\/fr\/reservations\/","url":"https:\/\/www.stonehavenlemanoir.com\/fr\/reservations\/","name":"H\u00f4tel de luxe Laurentides | R\u00e9servations | StoneHaven Le Manoir","isPartOf":{"@id":"https:\/\/www.stonehavenlemanoir.com\/fr\/#website"},"primaryImageOfPage":{"@id":"https:\/\/www.stonehavenlemanoir.com\/fr\/reservations\/#primaryimage"},"image":{"@id":"https:\/\/www.stonehavenlemanoir.com\/fr\/reservations\/#primaryimage"},"thumbnailUrl":"https:\/\/www.stonehavenlemanoir.com\/wp-content\/uploads\/2021\/01\/5ca54b466406900852184266_StoneHaven-A-Couper-Le-Souffle.jpg","datePublished":"2021-01-11T18:46:51+00:00","dateModified":"2025-01-23T17:47:34+00:00","description":"Visitez notre site internet officiel pour effectuer vos r\u00e9servations en direct et profitez pleinement de votre s\u00e9jour au StoneHaven Le Manoir","breadcrumb":{"@id":"https:\/\/www.stonehavenlemanoir.com\/fr\/reservations\/#breadcrumb"},"inLanguage":"fr-FR","potentialAction":[{"@type":"ReadAction","target":["https:\/\/www.stonehavenlemanoir.com\/fr\/reservations\/"]}]},{"@type":"ImageObject","inLanguage":"fr-FR","@id":"https:\/\/www.stonehavenlemanoir.com\/fr\/reservations\/#primaryimage","url":"https:\/\/www.stonehavenlemanoir.com\/wp-content\/uploads\/2021\/01\/5ca54b466406900852184266_StoneHaven-A-Couper-Le-Souffle.jpg","contentUrl":"https:\/\/www.stonehavenlemanoir.com\/wp-content\/uploads\/2021\/01\/5ca54b466406900852184266_StoneHaven-A-Couper-Le-Souffle.jpg","width":1500,"height":1000,"caption":"H\u00f4tel dans les Laurentides - Relais et Ch\u00e2teaux"},{"@type":"BreadcrumbList","@id":"https:\/\/www.stonehavenlemanoir.com\/fr\/reservations\/#breadcrumb","itemListElement":[{"@type":"ListItem","position":1,"name":"Home","item":"https:\/\/www.stonehavenlemanoir.com\/fr\/"},{"@type":"ListItem","position":2,"name":"R\u00e9servations"}]},{"@type":"WebSite","@id":"https:\/\/www.stonehavenlemanoir.com\/fr\/#website","url":"https:\/\/www.stonehavenlemanoir.com\/fr\/","name":"StoneHaven Le Manoir |\u00a0Relais &amp; Ch\u00e2teaux","description":"Sainte-Agathe-des-Monts","publisher":{"@id":"https:\/\/www.stonehavenlemanoir.com\/fr\/#organization"},"potentialAction":[{"@type":"SearchAction","target":{"@type":"EntryPoint","urlTemplate":"https:\/\/www.stonehavenlemanoir.com\/fr\/?s={search_term_string}"},"query-input":{"@type":"PropertyValueSpecification","valueRequired":true,"valueName":"search_term_string"}}],"inLanguage":"fr-FR"},{"@type":"Organization","@id":"https:\/\/www.stonehavenlemanoir.com\/fr\/#organization","name":"StoneHaven Le Manoir |\u00a0Relais &amp; Ch\u00e2teaux","url":"https:\/\/www.stonehavenlemanoir.com\/fr\/","logo":{"@type":"ImageObject","inLanguage":"fr-FR","@id":"https:\/\/www.stonehavenlemanoir.com\/fr\/#\/schema\/logo\/image\/","url":"https:\/\/www.stonehavenlemanoir.com\/wp-content\/uploads\/2021\/01\/logostonehaven.png","contentUrl":"https:\/\/www.stonehavenlemanoir.com\/wp-content\/uploads\/2021\/01\/logostonehaven.png","width":1200,"height":667,"caption":"StoneHaven Le Manoir |\u00a0Relais &amp; Ch\u00e2teaux"},"image":{"@id":"https:\/\/www.stonehavenlemanoir.com\/fr\/#\/schema\/logo\/image\/"}}]}},"_links":{"self":[{"href":"https:\/\/www.stonehavenlemanoir.com\/fr\/wp-json\/wp\/v2\/pages\/13","targetHints":{"allow":["GET"]}}],"collection":[{"href":"https:\/\/www.stonehavenlemanoir.com\/fr\/wp-json\/wp\/v2\/pages"}],"about":[{"href":"https:\/\/www.stonehavenlemanoir.com\/fr\/wp-json\/wp\/v2\/types\/page"}],"author":[{"embeddable":true,"href":"https:\/\/www.stonehavenlemanoir.com\/fr\/wp-json\/wp\/v2\/users\/1"}],"replies":[{"embeddable":true,"href":"https:\/\/www.stonehavenlemanoir.com\/fr\/wp-json\/wp\/v2\/comments?post=13"}],"version-history":[{"count":10,"href":"https:\/\/www.stonehavenlemanoir.com\/fr\/wp-json\/wp\/v2\/pages\/13\/revisions"}],"predecessor-version":[{"id":7759,"href":"https:\/\/www.stonehavenlemanoir.com\/fr\/wp-json\/wp\/v2\/pages\/13\/revisions\/7759"}],"wp:featuredmedia":[{"embeddable":true,"href":"https:\/\/www.stonehavenlemanoir.com\/fr\/wp-json\/wp\/v2\/media\/117"}],"wp:attachment":[{"href":"https:\/\/www.stonehavenlemanoir.com\/fr\/wp-json\/wp\/v2\/media?parent=13"}],"curies":[{"name":"wp","href":"https:\/\/api.w.org\/{rel}","templated":true}]}}